{"id":2254,"date":"2025-06-23T16:03:00","date_gmt":"2025-06-23T16:03:00","guid":{"rendered":"https:\/\/jerez2031.com\/amari-kandidatura\/"},"modified":"2026-03-05T17:02:30","modified_gmt":"2026-03-05T17:02:30","slug":"amari-kandidatura","status":"publish","type":"page","link":"https:\/\/jerez2031.com\/ro\/amari-kandidatura\/","title":{"rendered":"Amari kandidat\u00f9ra"},"content":{"rendered":"\t\t<div data-elementor-type=\"wp-page\" data-elementor-id=\"2254\" class=\"elementor elementor-2254 elementor-28\" data-elementor-post-type=\"page\">\n\t\t\t\t<div class=\"elementor-element elementor-element-735dc8c8 e-con-full e-flex e-con e-parent\" data-id=\"735dc8c8\" data-element_type=\"container\" data-e-type=\"container\">\n\t\t\t\t<div class=\"elementor-element elementor-element-950f110 elementor-invisible elementor-widget elementor-widget-heading\" data-id=\"950f110\" data-element_type=\"widget\" data-e-type=\"widget\" data-settings=\"{&quot;_animation_mobile&quot;:&quot;fadeInRight&quot;,&quot;_animation&quot;:&quot;fadeInLeft&quot;}\" data-widget_type=\"heading.default\">\n\t\t\t\t<div class=\"elementor-widget-container\">\n\t\t\t\t\t<h2 class=\"elementor-heading-title elementor-size-default\">Amari kandidat\u00f9ra<\/h2>\t\t\t\t<\/div>\n\t\t\t\t<\/div>\n\t\t\t\t<\/div>\n\t\t<div class=\"elementor-element elementor-element-64d69ed e-flex e-con-boxed e-con e-parent\" data-id=\"64d69ed\" data-element_type=\"container\" data-e-type=\"container\">\n\t\t\t\t\t<div class=\"e-con-inner\">\n\t\t<div class=\"elementor-element elementor-element-7280cba e-con-full e-flex e-con e-child\" data-id=\"7280cba\" data-element_type=\"container\" data-e-type=\"container\">\n\t\t\t\t<div class=\"elementor-element elementor-element-9a8ae95 elementor-invisible elementor-widget elementor-widget-heading\" data-id=\"9a8ae95\" data-element_type=\"widget\" data-e-type=\"widget\" data-settings=\"{&quot;_animation_mobile&quot;:&quot;fadeInLeft&quot;,&quot;_animation&quot;:&quot;fadeInLeft&quot;}\" data-widget_type=\"heading.default\">\n\t\t\t\t<div class=\"elementor-widget-container\">\n\t\t\t\t\t<h2 class=\"elementor-heading-title elementor-size-default\">Jerez si la jekh suno:<\/h2>\t\t\t\t<\/div>\n\t\t\t\t<\/div>\n\t\t\t\t<div class=\"elementor-element elementor-element-386a6b0 elementor-invisible elementor-widget elementor-widget-heading\" data-id=\"386a6b0\" data-element_type=\"widget\" data-e-type=\"widget\" data-settings=\"{&quot;_animation_mobile&quot;:&quot;fadeInLeft&quot;,&quot;_animation&quot;:&quot;fadeInRight&quot;}\" data-widget_type=\"heading.default\">\n\t\t\t\t<div class=\"elementor-widget-container\">\n\t\t\t\t\t<h2 class=\"elementor-heading-title elementor-size-default\">te avel o Evropikano Kulturaqo<br>\u015aerutno F\u00f2ro ando 2031.<\/h2>\t\t\t\t<\/div>\n\t\t\t\t<\/div>\n\t\t\t\t<div class=\"elementor-element elementor-element-7811f37 elementor-widget__width-initial elementor-invisible elementor-widget elementor-widget-heading\" data-id=\"7811f37\" data-element_type=\"widget\" data-e-type=\"widget\" data-settings=\"{&quot;_animation&quot;:&quot;fadeInUp&quot;}\" data-widget_type=\"heading.default\">\n\t\t\t\t<div class=\"elementor-widget-container\">\n\t\t\t\t\t<h2 class=\"elementor-heading-title elementor-size-default\">Jekh <b>suno<\/b> so \u0292al in\u0107al e Jereza\u03b8ar aj e 2031\u03b8ar; ke kidel andre sa o f\u00f2ro aj savo k\u00e0mpel i god\u01d0, o \u0292antripen, i zor ta o vastelipen e savorren\u03b8ar. <\/h2>\t\t\t\t<\/div>\n\t\t\t\t<\/div>\n\t\t\t\t<div class=\"elementor-element elementor-element-06d9ed0 elementor-button-warning elementor-widget elementor-widget-button\" data-id=\"06d9ed0\" data-element_type=\"widget\" data-e-type=\"widget\" data-widget_type=\"button.default\">\n\t\t\t\t<div class=\"elementor-widget-container\">\n\t\t\t\t\t\t\t\t\t<div class=\"elementor-button-wrapper\">\n\t\t\t\t\t<a class=\"elementor-button elementor-button-link elementor-size-sm\" href=\"#\">\n\t\t\t\t\t\t<span class=\"elementor-button-content-wrapper\">\n\t\t\t\t\t\t\t\t\t<span class=\"elementor-button-text\">\u00a1Quiero firmar la candidatura!<\/span>\n\t\t\t\t\t<\/span>\n\t\t\t\t\t<\/a>\n\t\t\t\t<\/div>\n\t\t\t\t\t\t\t\t<\/div>\n\t\t\t\t<\/div>\n\t\t\t\t<\/div>\n\t\t<div class=\"elementor-element elementor-element-40a951e e-con-full e-flex e-con e-child\" data-id=\"40a951e\" data-element_type=\"container\" data-e-type=\"container\">\n\t\t\t\t<div class=\"elementor-element elementor-element-65f5068 elementor-absolute elementor-widget elementor-widget-image\" data-id=\"65f5068\" data-element_type=\"widget\" data-e-type=\"widget\" data-settings=\"{&quot;_position&quot;:&quot;absolute&quot;,&quot;_animation_mobile&quot;:&quot;zoomIn&quot;}\" data-widget_type=\"image.default\">\n\t\t\t\t<div class=\"elementor-widget-container\">\n\t\t\t\t\t\t\t\t\t\t\t\t\t\t\t<img fetchpriority=\"high\" decoding=\"async\" width=\"1200\" height=\"1200\" src=\"https:\/\/jerez2031.com\/wp-content\/uploads\/2025\/07\/Claustros-espectaculo-flamenco-nocheIMG_0808-1.jpg\" class=\"attachment-full size-full wp-image-2099\" alt=\"\" srcset=\"https:\/\/jerez2031.com\/wp-content\/uploads\/2025\/07\/Claustros-espectaculo-flamenco-nocheIMG_0808-1.jpg 1200w, https:\/\/jerez2031.com\/wp-content\/uploads\/2025\/07\/Claustros-espectaculo-flamenco-nocheIMG_0808-1-300x300.jpg 300w, https:\/\/jerez2031.com\/wp-content\/uploads\/2025\/07\/Claustros-espectaculo-flamenco-nocheIMG_0808-1-1024x1024.jpg 1024w, https:\/\/jerez2031.com\/wp-content\/uploads\/2025\/07\/Claustros-espectaculo-flamenco-nocheIMG_0808-1-150x150.jpg 150w, https:\/\/jerez2031.com\/wp-content\/uploads\/2025\/07\/Claustros-espectaculo-flamenco-nocheIMG_0808-1-768x768.jpg 768w\" sizes=\"(max-width: 1200px) 100vw, 1200px\" \/>\t\t\t\t\t\t\t\t\t\t\t\t\t\t\t<\/div>\n\t\t\t\t<\/div>\n\t\t\t\t<\/div>\n\t\t\t\t\t<\/div>\n\t\t\t\t<\/div>\n\t\t<div class=\"elementor-element elementor-element-c30f4fa e-con-full e-flex e-con e-parent\" data-id=\"c30f4fa\" data-element_type=\"container\" data-e-type=\"container\">\n\t\t\t\t<div class=\"elementor-element elementor-element-e6365bf elementor-absolute elementor-invisible elementor-widget elementor-widget-image\" data-id=\"e6365bf\" data-element_type=\"widget\" data-e-type=\"widget\" data-settings=\"{&quot;_animation&quot;:&quot;fadeInRight&quot;,&quot;_position&quot;:&quot;absolute&quot;,&quot;_animation_mobile&quot;:&quot;fadeInRight&quot;}\" data-widget_type=\"image.default\">\n\t\t\t\t<div class=\"elementor-widget-container\">\n\t\t\t\t\t\t\t\t\t\t\t\t\t\t\t<img decoding=\"async\" width=\"2031\" height=\"343\" src=\"https:\/\/jerez2031.com\/wp-content\/uploads\/2025\/06\/jerez2031-03.svg\" class=\"attachment-full size-full wp-image-1853\" alt=\"\" \/>\t\t\t\t\t\t\t\t\t\t\t\t\t\t\t<\/div>\n\t\t\t\t<\/div>\n\t\t\t\t<\/div>\n\t\t<div class=\"elementor-element elementor-element-583f1af e-con-full e-flex e-con e-parent\" data-id=\"583f1af\" data-element_type=\"container\" data-e-type=\"container\">\n\t\t<div class=\"elementor-element elementor-element-4deb0fa e-con-full e-flex e-con e-child\" data-id=\"4deb0fa\" data-element_type=\"container\" data-e-type=\"container\">\n\t\t\t\t<div class=\"elementor-element elementor-element-f82b457 elementor-widget elementor-widget-image\" data-id=\"f82b457\" data-element_type=\"widget\" data-e-type=\"widget\" data-widget_type=\"image.default\">\n\t\t\t\t<div class=\"elementor-widget-container\">\n\t\t\t\t\t\t\t\t\t\t\t\t\t\t\t<img decoding=\"async\" width=\"800\" height=\"530\" src=\"https:\/\/jerez2031.com\/wp-content\/uploads\/2025\/07\/Tio_Pepe_emparrado-1024x678.jpg\" class=\"attachment-large size-large wp-image-2105\" alt=\"\" srcset=\"https:\/\/jerez2031.com\/wp-content\/uploads\/2025\/07\/Tio_Pepe_emparrado-1024x678.jpg 1024w, https:\/\/jerez2031.com\/wp-content\/uploads\/2025\/07\/Tio_Pepe_emparrado-300x199.jpg 300w, https:\/\/jerez2031.com\/wp-content\/uploads\/2025\/07\/Tio_Pepe_emparrado-768x508.jpg 768w, https:\/\/jerez2031.com\/wp-content\/uploads\/2025\/07\/Tio_Pepe_emparrado.jpg 1200w\" sizes=\"(max-width: 800px) 100vw, 800px\" \/>\t\t\t\t\t\t\t\t\t\t\t\t\t\t\t<\/div>\n\t\t\t\t<\/div>\n\t\t\t\t<\/div>\n\t\t<div class=\"elementor-element elementor-element-d76b1e3 e-con-full e-flex e-con e-child\" data-id=\"d76b1e3\" data-element_type=\"container\" data-e-type=\"container\">\n\t\t\t\t<div class=\"elementor-element elementor-element-0e5ca3a elementor-widget elementor-widget-image\" data-id=\"0e5ca3a\" data-element_type=\"widget\" data-e-type=\"widget\" data-widget_type=\"image.default\">\n\t\t\t\t<div class=\"elementor-widget-container\">\n\t\t\t\t\t\t\t\t\t\t\t\t\t\t\t<img loading=\"lazy\" decoding=\"async\" width=\"426\" height=\"773\" src=\"https:\/\/jerez2031.com\/wp-content\/uploads\/2025\/06\/jerez2031-05.svg\" class=\"attachment-full size-full wp-image-1857\" alt=\"\" \/>\t\t\t\t\t\t\t\t\t\t\t\t\t\t\t<\/div>\n\t\t\t\t<\/div>\n\t\t\t\t<\/div>\n\t\t\t\t<\/div>\n\t\t<div class=\"elementor-element elementor-element-e780a8f e-flex e-con-boxed e-con e-parent\" data-id=\"e780a8f\" data-element_type=\"container\" data-e-type=\"container\">\n\t\t\t\t\t<div class=\"e-con-inner\">\n\t\t\t\t<div class=\"elementor-element elementor-element-f6b3b89 elementor-invisible elementor-widget elementor-widget-image\" data-id=\"f6b3b89\" data-element_type=\"widget\" data-e-type=\"widget\" data-settings=\"{&quot;_animation&quot;:&quot;fadeInRight&quot;}\" data-widget_type=\"image.default\">\n\t\t\t\t<div class=\"elementor-widget-container\">\n\t\t\t\t\t\t\t\t\t\t\t\t\t\t\t<img loading=\"lazy\" decoding=\"async\" width=\"1345\" height=\"225\" src=\"https:\/\/jerez2031.com\/wp-content\/uploads\/2025\/06\/jerez2031-06.svg\" class=\"attachment-full size-full wp-image-1859\" alt=\"\" \/>\t\t\t\t\t\t\t\t\t\t\t\t\t\t\t<\/div>\n\t\t\t\t<\/div>\n\t\t\t\t\t<\/div>\n\t\t\t\t<\/div>\n\t\t<div class=\"elementor-element elementor-element-dfdc7e5 e-flex e-con-boxed e-con e-parent\" data-id=\"dfdc7e5\" data-element_type=\"container\" data-e-type=\"container\">\n\t\t\t\t\t<div class=\"e-con-inner\">\n\t\t\t\t<div class=\"elementor-element elementor-element-4f5d3b4 elementor-widget__width-initial elementor-widget elementor-widget-heading\" data-id=\"4f5d3b4\" data-element_type=\"widget\" data-e-type=\"widget\" data-widget_type=\"heading.default\">\n\t\t\t\t<div class=\"elementor-widget-container\">\n\t\t\t\t\t<h2 class=\"elementor-heading-title elementor-size-default\">Amen sam \u0107hudine katar o kamipe te la\u0107haras, te vazdas khetane jekh maj zuralo societ\u00e8to e funda\u00e7a an\u03b8-e valutur\u0103 save mukhle amen te vazdas o khetani Evropako proj\u00e8kto.<\/h2>\t\t\t\t<\/div>\n\t\t\t\t<\/div>\n\t\t\t\t\t<\/div>\n\t\t\t\t<\/div>\n\t\t<div class=\"elementor-element elementor-element-a8296a8 e-con-full e-flex e-con e-parent\" data-id=\"a8296a8\" data-element_type=\"container\" data-e-type=\"container\">\n\t\t\t\t<div class=\"elementor-element elementor-element-50cfab3 elementor-widget elementor-widget-image\" data-id=\"50cfab3\" data-element_type=\"widget\" data-e-type=\"widget\" data-widget_type=\"image.default\">\n\t\t\t\t<div class=\"elementor-widget-container\">\n\t\t\t\t\t\t\t\t\t\t\t\t\t\t\t<img loading=\"lazy\" decoding=\"async\" width=\"1975\" height=\"1507\" src=\"https:\/\/jerez2031.com\/wp-content\/uploads\/2025\/06\/01.jpg\" class=\"attachment-full size-full wp-image-1885\" alt=\"\" srcset=\"https:\/\/jerez2031.com\/wp-content\/uploads\/2025\/06\/01.jpg 1975w, https:\/\/jerez2031.com\/wp-content\/uploads\/2025\/06\/01-300x229.jpg 300w, https:\/\/jerez2031.com\/wp-content\/uploads\/2025\/06\/01-1024x781.jpg 1024w, https:\/\/jerez2031.com\/wp-content\/uploads\/2025\/06\/01-768x586.jpg 768w, https:\/\/jerez2031.com\/wp-content\/uploads\/2025\/06\/01-1536x1172.jpg 1536w\" sizes=\"(max-width: 1975px) 100vw, 1975px\" \/>\t\t\t\t\t\t\t\t\t\t\t\t\t\t\t<\/div>\n\t\t\t\t<\/div>\n\t\t\t\t<\/div>\n\t\t<div class=\"elementor-element elementor-element-1bf835b e-flex e-con-boxed e-con e-parent\" data-id=\"1bf835b\" data-element_type=\"container\" data-e-type=\"container\" data-settings=\"{&quot;background_background&quot;:&quot;classic&quot;}\">\n\t\t\t\t\t<div class=\"e-con-inner\">\n\t\t<div class=\"elementor-element elementor-element-7bf5b5e e-con-full e-flex e-con e-child\" data-id=\"7bf5b5e\" data-element_type=\"container\" data-e-type=\"container\">\n\t\t\t\t<div class=\"elementor-element elementor-element-955a50f elementor-widget elementor-widget-image\" data-id=\"955a50f\" data-element_type=\"widget\" data-e-type=\"widget\" data-widget_type=\"image.default\">\n\t\t\t\t<div class=\"elementor-widget-container\">\n\t\t\t\t\t\t\t\t\t\t\t\t\t\t\t<img loading=\"lazy\" decoding=\"async\" width=\"800\" height=\"521\" src=\"https:\/\/jerez2031.com\/wp-content\/uploads\/2025\/07\/Dia-del-Libro-2025-2-1024x667.jpeg\" class=\"attachment-large size-large wp-image-2093\" alt=\"\" srcset=\"https:\/\/jerez2031.com\/wp-content\/uploads\/2025\/07\/Dia-del-Libro-2025-2-1024x667.jpeg 1024w, https:\/\/jerez2031.com\/wp-content\/uploads\/2025\/07\/Dia-del-Libro-2025-2-300x195.jpeg 300w, https:\/\/jerez2031.com\/wp-content\/uploads\/2025\/07\/Dia-del-Libro-2025-2-768x500.jpeg 768w, https:\/\/jerez2031.com\/wp-content\/uploads\/2025\/07\/Dia-del-Libro-2025-2.jpeg 1179w\" sizes=\"(max-width: 800px) 100vw, 800px\" \/>\t\t\t\t\t\t\t\t\t\t\t\t\t\t\t<\/div>\n\t\t\t\t<\/div>\n\t\t\t\t<\/div>\n\t\t<div class=\"elementor-element elementor-element-9f11ec9 e-con-full e-flex e-con e-child\" data-id=\"9f11ec9\" data-element_type=\"container\" data-e-type=\"container\">\n\t\t\t\t<div class=\"elementor-element elementor-element-a4e3b00 elementor-widget__width-initial elementor-widget elementor-widget-heading\" data-id=\"a4e3b00\" data-element_type=\"widget\" data-e-type=\"widget\" data-widget_type=\"heading.default\">\n\t\t\t\t<div class=\"elementor-widget-container\">\n\t\t\t\t\t<h2 class=\"elementor-heading-title elementor-size-default\">Jekh societeta savi dikhel pe avutnipe responsibilitetosa thaj thovel e kultura anglal pe akava baro projekto e kolektivno transform\u00e0ciaqo.<\/h2>\t\t\t\t<\/div>\n\t\t\t\t<\/div>\n\t\t\t\t<div class=\"elementor-element elementor-element-6386712 elementor-button-warning elementor-widget elementor-widget-button\" data-id=\"6386712\" data-element_type=\"widget\" data-e-type=\"widget\" data-widget_type=\"button.default\">\n\t\t\t\t<div class=\"elementor-widget-container\">\n\t\t\t\t\t\t\t\t\t<div class=\"elementor-button-wrapper\">\n\t\t\t\t\t<a class=\"elementor-button elementor-button-link elementor-size-sm\" href=\"#\">\n\t\t\t\t\t\t<span class=\"elementor-button-content-wrapper\">\n\t\t\t\t\t\t\t\t\t<span class=\"elementor-button-text\">Me kamav te avav ande<\/span>\n\t\t\t\t\t<\/span>\n\t\t\t\t\t<\/a>\n\t\t\t\t<\/div>\n\t\t\t\t\t\t\t\t<\/div>\n\t\t\t\t<\/div>\n\t\t\t\t<\/div>\n\t\t\t\t\t<\/div>\n\t\t\t\t<\/div>\n\t\t<div class=\"elementor-element elementor-element-a53b4d5 e-flex e-con-boxed e-con e-parent\" data-id=\"a53b4d5\" data-element_type=\"container\" data-e-type=\"container\">\n\t\t\t\t\t<div class=\"e-con-inner\">\n\t\t<div class=\"elementor-element elementor-element-c5ddd17 e-con-full e-flex e-con e-child\" data-id=\"c5ddd17\" data-element_type=\"container\" data-e-type=\"container\">\n\t\t\t\t<div class=\"elementor-element elementor-element-6df6c6e elementor-widget elementor-widget-image\" data-id=\"6df6c6e\" data-element_type=\"widget\" data-e-type=\"widget\" data-widget_type=\"image.default\">\n\t\t\t\t<div class=\"elementor-widget-container\">\n\t\t\t\t\t\t\t\t\t\t\t\t\t\t\t<img loading=\"lazy\" decoding=\"async\" width=\"691\" height=\"80\" src=\"https:\/\/jerez2031.com\/wp-content\/uploads\/2025\/06\/jerez2031-08.svg\" class=\"attachment-full size-full wp-image-1863\" alt=\"\" \/>\t\t\t\t\t\t\t\t\t\t\t\t\t\t\t<\/div>\n\t\t\t\t<\/div>\n\t\t\t\t<\/div>\n\t\t\t\t\t<\/div>\n\t\t\t\t<\/div>\n\t\t<div class=\"elementor-element elementor-element-7c339f2 e-flex e-con-boxed e-con e-parent\" data-id=\"7c339f2\" data-element_type=\"container\" data-e-type=\"container\">\n\t\t\t\t\t<div class=\"e-con-inner\">\n\t\t<div class=\"elementor-element elementor-element-144d5ab e-con-full e-flex e-con e-child\" data-id=\"144d5ab\" data-element_type=\"container\" data-e-type=\"container\">\n\t\t\t\t<div class=\"elementor-element elementor-element-4177e4f elementor-widget__width-initial elementor-widget elementor-widget-heading\" data-id=\"4177e4f\" data-element_type=\"widget\" data-e-type=\"widget\" data-widget_type=\"heading.default\">\n\t\t\t\t<div class=\"elementor-widget-container\">\n\t\t\t\t\t<h2 class=\"elementor-heading-title elementor-size-default\">KOEZST\u00c8NCIA<\/h2>\t\t\t\t<\/div>\n\t\t\t\t<\/div>\n\t\t\t\t<div class=\"elementor-element elementor-element-09bfa1d elementor-widget__width-initial elementor-widget elementor-widget-heading\" data-id=\"09bfa1d\" data-element_type=\"widget\" data-e-type=\"widget\" data-widget_type=\"heading.default\">\n\t\t\t\t<div class=\"elementor-widget-container\">\n\t\t\t\t\t<h2 class=\"elementor-heading-title elementor-size-default\">INKLUZIA<\/h2>\t\t\t\t<\/div>\n\t\t\t\t<\/div>\n\t\t\t\t<div class=\"elementor-element elementor-element-3404e24 elementor-widget__width-initial elementor-widget elementor-widget-heading\" data-id=\"3404e24\" data-element_type=\"widget\" data-e-type=\"widget\" data-widget_type=\"heading.default\">\n\t\t\t\t<div class=\"elementor-widget-container\">\n\t\t\t\t\t<h2 class=\"elementor-heading-title elementor-size-default\">VERVERIPEN<\/h2>\t\t\t\t<\/div>\n\t\t\t\t<\/div>\n\t\t\t\t<div class=\"elementor-element elementor-element-9d12026 elementor-widget__width-initial elementor-widget elementor-widget-heading\" data-id=\"9d12026\" data-element_type=\"widget\" data-e-type=\"widget\" data-widget_type=\"heading.default\">\n\t\t\t\t<div class=\"elementor-widget-container\">\n\t\t\t\t\t<h2 class=\"elementor-heading-title elementor-size-default\">KULTURE<\/h2>\t\t\t\t<\/div>\n\t\t\t\t<\/div>\n\t\t\t\t<\/div>\n\t\t<div class=\"elementor-element elementor-element-4035696 e-con-full e-flex e-con e-child\" data-id=\"4035696\" data-element_type=\"container\" data-e-type=\"container\">\n\t\t\t\t<div class=\"elementor-element elementor-element-54ddb40 elementor-widget__width-initial elementor-widget elementor-widget-heading\" data-id=\"54ddb40\" data-element_type=\"widget\" data-e-type=\"widget\" data-widget_type=\"heading.default\">\n\t\t\t\t<div class=\"elementor-widget-container\">\n\t\t\t\t\t<h2 class=\"elementor-heading-title elementor-size-default\">Akava ciljo kerdas te ovel e Jerez-esqi kandidatura va\u015b i Evropaki Kulturaqi Kapitala 2031. Jekh foro an\u03b8-o \u0107\u00e0so, jekh miks e civiliz\u00e0cienqo thaj jekh baro materi\u00e0lo thaj na-materi\u00e0lo barvalimos savo vakerel amenqe pal-i koegzist\u00e8nca, inkl\u00f9zia thaj diverzit\u00e8ta.<\/h2>\t\t\t\t<\/div>\n\t\t\t\t<\/div>\n\t\t\t\t<\/div>\n\t\t\t\t\t<\/div>\n\t\t\t\t<\/div>\n\t\t<div class=\"elementor-element elementor-element-3fd3982 e-flex e-con-boxed e-con e-parent\" data-id=\"3fd3982\" data-element_type=\"container\" data-e-type=\"container\" data-settings=\"{&quot;background_background&quot;:&quot;classic&quot;}\">\n\t\t\t\t\t<div class=\"e-con-inner\">\n\t\t\t\t<div class=\"elementor-element elementor-element-e1c1ca5 elementor-widget__width-initial elementor-widget elementor-widget-heading\" data-id=\"e1c1ca5\" data-element_type=\"widget\" data-e-type=\"widget\" data-widget_type=\"heading.default\">\n\t\t\t\t<div class=\"elementor-widget-container\">\n\t\t\t\t\t<h2 class=\"elementor-heading-title elementor-size-default\">#Jerez2031 bijandilo katar o na-konformiteto thaj o na-kamlipe te akceptisarel e butja sar si. Amen sam jekh kandidatura savi phandel jekh sasti provincija thaj lel o pharipe te transformisarel i Evropa katar i periferia, sa e zorasa e sudoski, sa e zorasa e purani kulturaki savi amen projektirisaras ko avutnipe.<\/h2>\t\t\t\t<\/div>\n\t\t\t\t<\/div>\n\t\t\t\t<div class=\"elementor-element elementor-element-1d6e74c elementor-button-warning elementor-widget elementor-widget-button\" data-id=\"1d6e74c\" data-element_type=\"widget\" data-e-type=\"widget\" data-widget_type=\"button.default\">\n\t\t\t\t<div class=\"elementor-widget-container\">\n\t\t\t\t\t\t\t\t\t<div class=\"elementor-button-wrapper\">\n\t\t\t\t\t<a class=\"elementor-button elementor-button-link elementor-size-sm\" href=\"#\">\n\t\t\t\t\t\t<span class=\"elementor-button-content-wrapper\">\n\t\t\t\t\t\t\t\t\t<span class=\"elementor-button-text\">Me kamav te avav ande<\/span>\n\t\t\t\t\t<\/span>\n\t\t\t\t\t<\/a>\n\t\t\t\t<\/div>\n\t\t\t\t\t\t\t\t<\/div>\n\t\t\t\t<\/div>\n\t\t\t\t\t<\/div>\n\t\t\t\t<\/div>\n\t\t<div class=\"elementor-element elementor-element-fc4ff9c e-flex e-con-boxed e-con e-parent\" data-id=\"fc4ff9c\" data-element_type=\"container\" data-e-type=\"container\">\n\t\t\t\t\t<div class=\"e-con-inner\">\n\t\t<div class=\"elementor-element elementor-element-5f0023f e-con-full e-flex e-con e-child\" data-id=\"5f0023f\" data-element_type=\"container\" data-e-type=\"container\">\n\t\t\t\t<div class=\"elementor-element elementor-element-fd59a88 elementor-widget__width-initial elementor-widget elementor-widget-image\" data-id=\"fd59a88\" data-element_type=\"widget\" data-e-type=\"widget\" data-widget_type=\"image.default\">\n\t\t\t\t<div class=\"elementor-widget-container\">\n\t\t\t\t\t\t\t\t\t\t\t\t\t\t\t<img loading=\"lazy\" decoding=\"async\" width=\"376\" height=\"422\" src=\"https:\/\/jerez2031.com\/wp-content\/uploads\/2025\/06\/jerez2031-17.svg\" class=\"attachment-full size-full wp-image-1881\" alt=\"\" \/>\t\t\t\t\t\t\t\t\t\t\t\t\t\t\t<\/div>\n\t\t\t\t<\/div>\n\t\t\t\t<\/div>\n\t\t<div class=\"elementor-element elementor-element-fe57882 e-con-full e-flex e-con e-child\" data-id=\"fe57882\" data-element_type=\"container\" data-e-type=\"container\">\n\t\t\t\t<div class=\"elementor-element elementor-element-3628534 elementor-widget__width-initial elementor-widget elementor-widget-heading\" data-id=\"3628534\" data-element_type=\"widget\" data-e-type=\"widget\" data-widget_type=\"heading.default\">\n\t\t\t\t<div class=\"elementor-widget-container\">\n\t\t\t\t\t<h2 class=\"elementor-heading-title elementor-size-default\">La candidatura #Jerez 2031 Capital Europea de la Cultura tiene la aspiraci\u00f3n de promover un <b>legado creativo, reflexivo y cr\u00edtico<\/b> que ayude, sobre todo a los m\u00e1s j\u00f3venes, a encontrar oportunidades en una Europa que necesita del debate cultural para hacerse fuerte ante el futuro.<\/h2>\t\t\t\t<\/div>\n\t\t\t\t<\/div>\n\t\t\t\t<\/div>\n\t\t\t\t\t<\/div>\n\t\t\t\t<\/div>\n\t\t\t\t<\/div>\n\t\t","protected":false},"excerpt":{"rendered":"<p>Amari kandidat\u00f9ra Jerez si la jekh suno: te avel o Evropikano Kulturaqo\u015aerutno F\u00f2ro ando 2031. Jekh suno so \u0292al in\u0107al e Jereza\u03b8ar aj e 2031\u03b8ar; ke kidel andre sa o f\u00f2ro aj savo k\u00e0mpel i god\u01d0, o \u0292antripen, i zor ta o vastelipen e savorren\u03b8ar. \u00a1Quiero firmar la candidatura! Amen sam \u0107hudine katar o kamipe [&hellip;]<\/p>\n","protected":false},"author":1,"featured_media":0,"parent":0,"menu_order":0,"comment_status":"closed","ping_status":"closed","template":"","meta":{"_monsterinsights_skip_tracking":false,"_monsterinsights_sitenote_active":false,"_monsterinsights_sitenote_note":"","_monsterinsights_sitenote_category":0,"footnotes":""},"class_list":["post-2254","page","type-page","status-publish","hentry"],"aioseo_notices":[],"_links":{"self":[{"href":"https:\/\/jerez2031.com\/ro\/wp-json\/wp\/v2\/pages\/2254","targetHints":{"allow":["GET"]}}],"collection":[{"href":"https:\/\/jerez2031.com\/ro\/wp-json\/wp\/v2\/pages"}],"about":[{"href":"https:\/\/jerez2031.com\/ro\/wp-json\/wp\/v2\/types\/page"}],"author":[{"embeddable":true,"href":"https:\/\/jerez2031.com\/ro\/wp-json\/wp\/v2\/users\/1"}],"replies":[{"embeddable":true,"href":"https:\/\/jerez2031.com\/ro\/wp-json\/wp\/v2\/comments?post=2254"}],"version-history":[{"count":3,"href":"https:\/\/jerez2031.com\/ro\/wp-json\/wp\/v2\/pages\/2254\/revisions"}],"predecessor-version":[{"id":5579,"href":"https:\/\/jerez2031.com\/ro\/wp-json\/wp\/v2\/pages\/2254\/revisions\/5579"}],"wp:attachment":[{"href":"https:\/\/jerez2031.com\/ro\/wp-json\/wp\/v2\/media?parent=2254"}],"curies":[{"name":"wp","href":"https:\/\/api.w.org\/{rel}","templated":true}]}}